{"id":539,"date":"2021-11-16T13:16:28","date_gmt":"2021-11-16T13:16:28","guid":{"rendered":"http:\/\/zlatniretriver.rs\/sample-page\/"},"modified":"2025-08-08T10:59:47","modified_gmt":"2025-08-08T10:59:47","slug":"zlatni-retriver","status":"publish","type":"page","link":"https:\/\/zlatniretriver.rs\/en\/","title":{"rendered":"Home"},"content":{"rendered":"<div class=\"wpb-content-wrapper\"><p>[vc_row full_width=&#8221;stretch_row&#8221; bg_type=&#8221;bg_color&#8221; bg_color_value=&#8221;#ffffff&#8221;][vc_column][vc_empty_space height=&#8221;20&#8243;][vc_column_text]<img loading=\"lazy\" decoding=\"async\" class=\"aligncenter wp-image-21 size-full\" src=\"http:\/\/zlatniretriver.rs\/wp-content\/uploads\/2021\/12\/slide-retver-1.jpg\" alt=\"\" width=\"1920\" height=\"700\" srcset=\"https:\/\/zlatniretriver.rs\/wp-content\/uploads\/2021\/12\/slide-retver-1.jpg 1920w, https:\/\/zlatniretriver.rs\/wp-content\/uploads\/2021\/12\/slide-retver-1-300x109.jpg 300w, https:\/\/zlatniretriver.rs\/wp-content\/uploads\/2021\/12\/slide-retver-1-1024x373.jpg 1024w, https:\/\/zlatniretriver.rs\/wp-content\/uploads\/2021\/12\/slide-retver-1-768x280.jpg 768w, https:\/\/zlatniretriver.rs\/wp-content\/uploads\/2021\/12\/slide-retver-1-1536x560.jpg 1536w\" sizes=\"auto, (max-width: 1920px) 100vw, 1920px\" \/>[\/vc_column_text][\/vc_column][\/vc_row][vc_row full_width=&#8221;stretch_row&#8221;][vc_column][vc_column_text]<\/p>\n<h1 style=\"text-align: center;\">Golden Retriever<\/h1>\n<h2 style=\"text-align: center;\">Golden Retriever Kennel &#8211; <span style=\"color: #d5b038;\">Bellamax Golden, Serbia<\/span><\/h2>\n<h1 style=\"text-align: center;\"><img loading=\"lazy\" decoding=\"async\" class=\"size-full wp-image-40 aligncenter\" src=\"http:\/\/zlatniretriver.rs\/wp-content\/uploads\/2021\/12\/sapica-1.png\" alt=\"\" width=\"50\" height=\"45\" \/><\/h1>\n<p>[\/vc_column_text][vc_row_inner][vc_column_inner width=&#8221;1\/6&#8243;][\/vc_column_inner][vc_column_inner width=&#8221;2\/3&#8243;][vc_empty_space][vc_column_text]<\/p>\n<h4 style=\"text-align: center;\">You are on the website of the Golden Retriever kennel &#8220;BellaMax Golden&#8221;.<\/h4>\n<p style=\"text-align: center;\">On our page, you will find information about the Golden Retriever breed, breeding advice, news (what\u2019s happening in our golden family), as well as puppies (past and current litters).<\/p>\n<p>[\/vc_column_text][vc_empty_space height=&#8221;20&#8243;][vc_empty_space height=&#8221;20&#8243;][\/vc_column_inner][vc_column_inner width=&#8221;1\/6&#8243;][\/vc_column_inner][\/vc_row_inner][\/vc_column][\/vc_row][vc_row bg_type=&#8221;bg_color&#8221; enable_overlay=&#8221;enable_overlay_value&#8221; overlay_color=&#8221;#5b5b5b&#8221; overlay_pattern=&#8221;08.png&#8221; overlay_pattern_opacity=&#8221;80&#8243; bg_color_value=&#8221;rgba(10,10,10,0.41)&#8221; css=&#8221;.vc_custom_1643319694052{border-top-width: 1px !important;border-right-width: 1px !important;border-bottom-width: 1px !important;border-left-width: 1px !important;border-left-color: #d5b038 !important;border-left-style: solid !important;border-right-color: #d5b038 !important;border-right-style: solid !important;border-top-color: #d5b038 !important;border-top-style: solid !important;border-bottom-color: #d5b038 !important;border-bottom-style: solid !important;border-radius: 10px !important;}&#8221;][vc_column][vc_column_text]<\/p>\n<h4 style=\"text-align: center;\">About Us<\/h4>\n<h1 style=\"text-align: center;\"><span style=\"color: #d5b038;\">Golden Retriever Kennel<\/span><\/h1>\n<p>[\/vc_column_text][vc_empty_space][vc_row_inner][vc_column_inner width=&#8221;1\/3&#8243;][vc_column_text]<img loading=\"lazy\" decoding=\"async\" class=\"size-medium wp-image-254 aligncenter\" src=\"http:\/\/zlatniretriver.rs\/wp-content\/uploads\/2022\/01\/zlatni-retriver-naslovna-1-300x300.png\" alt=\"\" width=\"300\" height=\"300\" srcset=\"https:\/\/zlatniretriver.rs\/wp-content\/uploads\/2022\/01\/zlatni-retriver-naslovna-1-300x300.png 300w, https:\/\/zlatniretriver.rs\/wp-content\/uploads\/2022\/01\/zlatni-retriver-naslovna-1-150x150.png 150w, https:\/\/zlatniretriver.rs\/wp-content\/uploads\/2022\/01\/zlatni-retriver-naslovna-1.png 600w\" sizes=\"auto, (max-width: 300px) 100vw, 300px\" \/>[\/vc_column_text][\/vc_column_inner][vc_column_inner width=&#8221;2\/3&#8243;][vc_column_text css=&#8221;.vc_custom_1643315030908{padding-right: 30px !important;padding-left: 30px !important;}&#8221;]We are a small, happy family kennel located in Kru\u0161evac.<\/p>\n<p>Our Golden Retrievers are specially cared for in a home environment with an emphasis on healthy breeding. We raise them in our home and fenced yard, surrounded by lots of children.<\/p>\n<p style=\"text-align: justify;\">We pay special attention to regular cleaning, the environment, vaccination, and we take great responsibility for raising your new family member. From an early age, we teach them to do their physiological needs in a designated spot, and as they grow older, in the outdoor environment (yard).<\/p>\n<p>We carefully selected our Goldens based on their pedigrees, structure, and color to distinguish them from white Golden Retrievers.[\/vc_column_text][\/vc_column_inner][\/vc_row_inner][vc_row_inner][vc_column_inner width=&#8221;2\/3&#8243;][vc_column_text css=&#8221;.vc_custom_1643315050005{padding-right: 30px !important;padding-left: 30px !important;}&#8221;]<\/p>\n<h4><span style=\"color: #d5b038;\">They are GOLDEN!<\/span><\/h4>\n<p style=\"text-align: justify;\">That is the main trait of our retrievers. Golden yellow coat color, soft fur to the touch, loyal and highly intelligent. Devoted to the family!<\/p>\n<p style=\"text-align: justify;\">All puppies are exclusively raised in our home from the moment they are born until the moment they leave for their future families.<\/p>\n<p style=\"text-align: justify;\">In short, our Goldens are an integral part of our family, and it is an honor that you have chosen our puppies to become members of your family.<\/p>\n<p><img loading=\"lazy\" decoding=\"async\" class=\"size-full wp-image-40 alignleft\" src=\"http:\/\/zlatniretriver.rs\/wp-content\/uploads\/2021\/12\/sapica-1.png\" alt=\"\" width=\"50\" height=\"45\" \/>[\/vc_column_text][\/vc_column_inner][vc_column_inner width=&#8221;1\/3&#8243;][vc_column_text]<img loading=\"lazy\" decoding=\"async\" class=\"size-medium wp-image-257 aligncenter\" src=\"http:\/\/zlatniretriver.rs\/wp-content\/uploads\/2022\/01\/zlatni-retriver-nas-300x300.png\" alt=\"\" width=\"300\" height=\"300\" srcset=\"https:\/\/zlatniretriver.rs\/wp-content\/uploads\/2022\/01\/zlatni-retriver-nas-300x300.png 300w, https:\/\/zlatniretriver.rs\/wp-content\/uploads\/2022\/01\/zlatni-retriver-nas-150x150.png 150w, https:\/\/zlatniretriver.rs\/wp-content\/uploads\/2022\/01\/zlatni-retriver-nas.png 600w\" sizes=\"auto, (max-width: 300px) 100vw, 300px\" \/>[\/vc_column_text][\/vc_column_inner][\/vc_row_inner][\/vc_column][\/vc_row][vc_row][vc_column][vc_empty_space][\/vc_column][\/vc_row]<\/p>\n<\/div>","protected":false},"excerpt":{"rendered":"<p>[vc_row full_width=&#8221;stretch_row&#8221; bg_type=&#8221;bg_color&#8221; bg_color_value=&#8221;#ffffff&#8221;][vc_column][vc_empty_space height=&#8221;20&#8243;][vc_column_text][\/vc_column_text][\/vc_column][\/vc_row][vc_row full_width=&#8221;stretch_row&#8221;][vc_column][vc_column_text] Golden Retriever Golden Retriever Kennel &#8211; Bellamax Golden, Serbia [\/vc_column_text][vc_row_inner][vc_column_inner width=&#8221;1\/6&#8243;][\/vc_column_inner][vc_column_inner width=&#8221;2\/3&#8243;][vc_empty_space][vc_column_text] You are on the website of the Golden Retriever kennel &#8220;BellaMax Golden&#8221;. On our page, you will find information about the Golden Retriever breed, breeding advice, news (what\u2019s happening in our golden family), as well as puppies&hellip;<\/p>\n","protected":false},"author":1,"featured_media":0,"parent":0,"menu_order":0,"comment_status":"closed","ping_status":"open","template":"","meta":{"footnotes":""},"class_list":["post-539","page","type-page","status-publish","hentry","description-off"],"yoast_head":"<!-- This site is optimized with the Yoast SEO plugin v25.8 - https:\/\/yoast.com\/wordpress\/plugins\/seo\/ -->\n<title>Zlatni retriver | Odgajiva\u010dnica zlatnih retrivera Bellamax Golden<\/title>\n<meta name=\"description\" content=\"Zlatni retriveri iz ogdajiva\u010dnice Bellamax Golden u Srbiji su posebno negovani u ku\u0107nim uslovima sa naglaskom na zdrav uzgoj. Pozovite nas!\" \/>\n<meta name=\"robots\" content=\"index, follow, max-snippet:-1, max-image-preview:large, max-video-preview:-1\" \/>\n<link rel=\"canonical\" href=\"https:\/\/zlatniretriver.rs\/\" \/>\n<meta property=\"og:locale\" content=\"en_US\" \/>\n<meta property=\"og:type\" content=\"article\" \/>\n<meta property=\"og:title\" content=\"Zlatni retriver | Odgajiva\u010dnica zlatnih retrivera Bellamax Golden\" \/>\n<meta property=\"og:description\" content=\"Zlatni retriveri iz ogdajiva\u010dnice Bellamax Golden u Srbiji su posebno negovani u ku\u0107nim uslovima sa naglaskom na zdrav uzgoj. Pozovite nas!\" \/>\n<meta property=\"og:url\" content=\"https:\/\/zlatniretriver.rs\/\" \/>\n<meta property=\"og:site_name\" content=\"Zlatni retriver\" \/>\n<meta property=\"article:modified_time\" content=\"2025-08-08T10:59:47+00:00\" \/>\n<meta property=\"og:image\" content=\"http:\/\/zlatniretriver.rs\/wp-content\/uploads\/2021\/12\/slide-retver-1.jpg\" \/>\n<meta name=\"twitter:card\" content=\"summary_large_image\" \/>\n<meta name=\"twitter:label1\" content=\"Est. reading time\" \/>\n\t<meta name=\"twitter:data1\" content=\"3 minutes\" \/>\n<script type=\"application\/ld+json\" class=\"yoast-schema-graph\">{\"@context\":\"https:\/\/schema.org\",\"@graph\":[{\"@type\":\"WebPage\",\"@id\":\"https:\/\/zlatniretriver.rs\/\",\"url\":\"https:\/\/zlatniretriver.rs\/\",\"name\":\"Zlatni retriver | Odgajiva\u010dnica zlatnih retrivera Bellamax Golden\",\"isPartOf\":{\"@id\":\"https:\/\/zlatniretriver.rs\/#website\"},\"primaryImageOfPage\":{\"@id\":\"https:\/\/zlatniretriver.rs\/#primaryimage\"},\"image\":{\"@id\":\"https:\/\/zlatniretriver.rs\/#primaryimage\"},\"thumbnailUrl\":\"http:\/\/zlatniretriver.rs\/wp-content\/uploads\/2021\/12\/slide-retver-1.jpg\",\"datePublished\":\"2021-11-16T13:16:28+00:00\",\"dateModified\":\"2025-08-08T10:59:47+00:00\",\"description\":\"Zlatni retriveri iz ogdajiva\u010dnice Bellamax Golden u Srbiji su posebno negovani u ku\u0107nim uslovima sa naglaskom na zdrav uzgoj. Pozovite nas!\",\"breadcrumb\":{\"@id\":\"https:\/\/zlatniretriver.rs\/#breadcrumb\"},\"inLanguage\":\"en-US\",\"potentialAction\":[{\"@type\":\"ReadAction\",\"target\":[\"https:\/\/zlatniretriver.rs\/\"]}]},{\"@type\":\"ImageObject\",\"inLanguage\":\"en-US\",\"@id\":\"https:\/\/zlatniretriver.rs\/#primaryimage\",\"url\":\"http:\/\/zlatniretriver.rs\/wp-content\/uploads\/2021\/12\/slide-retver-1.jpg\",\"contentUrl\":\"http:\/\/zlatniretriver.rs\/wp-content\/uploads\/2021\/12\/slide-retver-1.jpg\"},{\"@type\":\"BreadcrumbList\",\"@id\":\"https:\/\/zlatniretriver.rs\/#breadcrumb\",\"itemListElement\":[{\"@type\":\"ListItem\",\"position\":1,\"name\":\"Home\",\"item\":\"https:\/\/zlatniretriver.rs\/\"},{\"@type\":\"ListItem\",\"position\":2,\"name\":\"Home\"}]},{\"@type\":\"WebSite\",\"@id\":\"https:\/\/zlatniretriver.rs\/#website\",\"url\":\"https:\/\/zlatniretriver.rs\/\",\"name\":\"Zlatni retriver\",\"description\":\"Odgajiva\u010dnica zlatnih retrivera\",\"potentialAction\":[{\"@type\":\"SearchAction\",\"target\":{\"@type\":\"EntryPoint\",\"urlTemplate\":\"https:\/\/zlatniretriver.rs\/?s={search_term_string}\"},\"query-input\":{\"@type\":\"PropertyValueSpecification\",\"valueRequired\":true,\"valueName\":\"search_term_string\"}}],\"inLanguage\":\"en-US\"}]}<\/script>\n<!-- \/ Yoast SEO plugin. -->","yoast_head_json":{"title":"Zlatni retriver | Odgajiva\u010dnica zlatnih retrivera Bellamax Golden","description":"Zlatni retriveri iz ogdajiva\u010dnice Bellamax Golden u Srbiji su posebno negovani u ku\u0107nim uslovima sa naglaskom na zdrav uzgoj. Pozovite nas!","robots":{"index":"index","follow":"follow","max-snippet":"max-snippet:-1","max-image-preview":"max-image-preview:large","max-video-preview":"max-video-preview:-1"},"canonical":"https:\/\/zlatniretriver.rs\/","og_locale":"en_US","og_type":"article","og_title":"Zlatni retriver | Odgajiva\u010dnica zlatnih retrivera Bellamax Golden","og_description":"Zlatni retriveri iz ogdajiva\u010dnice Bellamax Golden u Srbiji su posebno negovani u ku\u0107nim uslovima sa naglaskom na zdrav uzgoj. Pozovite nas!","og_url":"https:\/\/zlatniretriver.rs\/","og_site_name":"Zlatni retriver","article_modified_time":"2025-08-08T10:59:47+00:00","og_image":[{"url":"http:\/\/zlatniretriver.rs\/wp-content\/uploads\/2021\/12\/slide-retver-1.jpg","type":"","width":"","height":""}],"twitter_card":"summary_large_image","twitter_misc":{"Est. reading time":"3 minutes"},"schema":{"@context":"https:\/\/schema.org","@graph":[{"@type":"WebPage","@id":"https:\/\/zlatniretriver.rs\/","url":"https:\/\/zlatniretriver.rs\/","name":"Zlatni retriver | Odgajiva\u010dnica zlatnih retrivera Bellamax Golden","isPartOf":{"@id":"https:\/\/zlatniretriver.rs\/#website"},"primaryImageOfPage":{"@id":"https:\/\/zlatniretriver.rs\/#primaryimage"},"image":{"@id":"https:\/\/zlatniretriver.rs\/#primaryimage"},"thumbnailUrl":"http:\/\/zlatniretriver.rs\/wp-content\/uploads\/2021\/12\/slide-retver-1.jpg","datePublished":"2021-11-16T13:16:28+00:00","dateModified":"2025-08-08T10:59:47+00:00","description":"Zlatni retriveri iz ogdajiva\u010dnice Bellamax Golden u Srbiji su posebno negovani u ku\u0107nim uslovima sa naglaskom na zdrav uzgoj. Pozovite nas!","breadcrumb":{"@id":"https:\/\/zlatniretriver.rs\/#breadcrumb"},"inLanguage":"en-US","potentialAction":[{"@type":"ReadAction","target":["https:\/\/zlatniretriver.rs\/"]}]},{"@type":"ImageObject","inLanguage":"en-US","@id":"https:\/\/zlatniretriver.rs\/#primaryimage","url":"http:\/\/zlatniretriver.rs\/wp-content\/uploads\/2021\/12\/slide-retver-1.jpg","contentUrl":"http:\/\/zlatniretriver.rs\/wp-content\/uploads\/2021\/12\/slide-retver-1.jpg"},{"@type":"BreadcrumbList","@id":"https:\/\/zlatniretriver.rs\/#breadcrumb","itemListElement":[{"@type":"ListItem","position":1,"name":"Home","item":"https:\/\/zlatniretriver.rs\/"},{"@type":"ListItem","position":2,"name":"Home"}]},{"@type":"WebSite","@id":"https:\/\/zlatniretriver.rs\/#website","url":"https:\/\/zlatniretriver.rs\/","name":"Zlatni retriver","description":"Odgajiva\u010dnica zlatnih retrivera","potentialAction":[{"@type":"SearchAction","target":{"@type":"EntryPoint","urlTemplate":"https:\/\/zlatniretriver.rs\/?s={search_term_string}"},"query-input":{"@type":"PropertyValueSpecification","valueRequired":true,"valueName":"search_term_string"}}],"inLanguage":"en-US"}]}},"_links":{"self":[{"href":"https:\/\/zlatniretriver.rs\/en\/wp-json\/wp\/v2\/pages\/539","targetHints":{"allow":["GET"]}}],"collection":[{"href":"https:\/\/zlatniretriver.rs\/en\/wp-json\/wp\/v2\/pages"}],"about":[{"href":"https:\/\/zlatniretriver.rs\/en\/wp-json\/wp\/v2\/types\/page"}],"author":[{"embeddable":true,"href":"https:\/\/zlatniretriver.rs\/en\/wp-json\/wp\/v2\/users\/1"}],"replies":[{"embeddable":true,"href":"https:\/\/zlatniretriver.rs\/en\/wp-json\/wp\/v2\/comments?post=539"}],"version-history":[{"count":3,"href":"https:\/\/zlatniretriver.rs\/en\/wp-json\/wp\/v2\/pages\/539\/revisions"}],"predecessor-version":[{"id":542,"href":"https:\/\/zlatniretriver.rs\/en\/wp-json\/wp\/v2\/pages\/539\/revisions\/542"}],"wp:attachment":[{"href":"https:\/\/zlatniretriver.rs\/en\/wp-json\/wp\/v2\/media?parent=539"}],"curies":[{"name":"wp","href":"https:\/\/api.w.org\/{rel}","templated":true}]}}