{"id":872,"date":"2022-01-12T00:39:10","date_gmt":"2022-01-12T00:39:10","guid":{"rendered":"http:\/\/zlatniretriver.rs\/?page_id=872"},"modified":"2025-08-08T11:25:17","modified_gmt":"2025-08-08T11:25:17","slug":"gesundheit-des-golden-retrievers","status":"publish","type":"page","link":"https:\/\/zlatniretriver.rs\/de\/gesundheit-des-golden-retrievers\/","title":{"rendered":"GESUNDHEIT DES GOLDER RETRIEVERS"},"content":{"rendered":"<div class=\"wpb-content-wrapper\"><p>[vc_row css=&#8220;.vc_custom_1641945517468{border-top-width: 1px !important;border-right-width: 1px !important;border-bottom-width: 1px !important;border-left-width: 1px !important;}&#8220;][vc_column width=&#8220;1\/6&#8243;][vc_column_text]<img loading=\"lazy\" decoding=\"async\" class=\"size-medium wp-image-257 aligncenter\" src=\"http:\/\/zlatniretriver.rs\/wp-content\/uploads\/2022\/01\/zlatni-retriver-nas-300x300.png\" alt=\"\" width=\"300\" height=\"300\" srcset=\"https:\/\/zlatniretriver.rs\/wp-content\/uploads\/2022\/01\/zlatni-retriver-nas-300x300.png 300w, https:\/\/zlatniretriver.rs\/wp-content\/uploads\/2022\/01\/zlatni-retriver-nas-150x150.png 150w, https:\/\/zlatniretriver.rs\/wp-content\/uploads\/2022\/01\/zlatni-retriver-nas.png 600w\" sizes=\"auto, (max-width: 300px) 100vw, 300px\" \/>[\/vc_column_text][\/vc_column][vc_column width=&#8220;2\/3&#8243;][vc_column_text]<\/p>\n<h1><span style=\"color: #d5b038;\">Gesundheit des Golden Retrievers<br \/>\n<\/span><\/h1>\n<hr \/>\n<p>&nbsp;<\/p>\n<h2><img loading=\"lazy\" decoding=\"async\" class=\"alignnone wp-image-40\" src=\"http:\/\/zlatniretriver.rs\/wp-content\/uploads\/2021\/12\/sapica-1.png\" alt=\"\" width=\"30\" height=\"27\" \/> Entwurmung und parasitenbek\u00e4mpfung<\/h2>\n<p>&nbsp;<\/p>\n<p style=\"text-align: justify;\">Parasiten k\u00f6nnen bei Hunden ernsthafte Komplikationen verursachen, darunter schwere Krankheiten und sogar den Tod. Deshalb ist es sehr wichtig, gut \u00fcber parasit\u00e4re Krankheiten informiert zu sein und Ihr Haustier regelm\u00e4\u00dfig gegen alle Arten von Parasiten zu entwurmen.<br \/>\nZun\u00e4chst einmal kann man Parasiten in \u00e4u\u00dfere und innere unterteilen. \u00c4u\u00dfere Parasiten sind Zecken, Fl\u00f6he, Milben, L\u00e4use und Demodex-Parasiten. Innere Parasiten umfassen Spulw\u00fcrmer und Bandw\u00fcrmer (Darmparasiten) sowie Herzw\u00fcrmer (im Blutkreislauf).<\/p>\n<p>Fl\u00f6he fungieren als Zwischenwirte f\u00fcr die Entwicklung des Hunde-Bandwurms und k\u00f6nnen eine Infektionsquelle f\u00fcr Welpen sein. Wenn Sie Fl\u00f6he bei einem Welpen bemerken, konsultieren Sie unbedingt Ihren Tierarzt, um herauszufinden, welche Behandlung f\u00fcr junge Hunde sicher ist.<br \/>\n\u00c4u\u00dfere Parasiten bei erwachsenen Hunden werden mit verschiedenen Pulvern, L\u00f6sungen und Spot-on-Ampullen behandelt. Diese Produkte sind in Tierarztpraxen, Kliniken und Zoofachgesch\u00e4ften erh\u00e4ltlich, aber konsultieren Sie vor der Anwendung immer Ihren Tierarzt.<br \/>\nBei Welpen muss die Entwurmung gegen innere Darmparasiten vor der Impfung erfolgen. Die erste Entwurmung erfolgt in der Regel im Alter von 3 Wochen (21 Tage). Die Behandlung wird im Alter von 5 Wochen (35 Tage) wiederholt. W\u00e4hrend beider Behandlungen ist es wichtig, sowohl die Mutter als auch die Welpen zu entwurmen. Nach diesem Zeitraum sollte die Entwurmung im Alter von 8 und dann 11 Wochen wiederholt werden, und sp\u00e4ter kann sie alle 3 bis 4 Monate erfolgen.<\/p>\n<p>Erwachsene Hunde sollten 3 bis 4 Mal pro Jahr behandelt werden.<br \/>\nZur effektiven Entwurmung von Welpen kann eine Paste oder ein Sirup verwendet werden, der f\u00fcr junge Hunde bestimmt ist, aber die Dosierung muss streng nach tier\u00e4rztlichem Rat und entsprechend dem Gewicht des Welpen erfolgen. Bei erwachsenen Hunden kennt der Tierarzt bereits die Krankengeschichte des Tieres und wird die am besten geeigneten Tabletten empfehlen.<\/p>\n<p>[\/vc_column_text][\/vc_column][vc_column width=&#8220;1\/6&#8243;][\/vc_column][\/vc_row][vc_row css=&#8220;.vc_custom_1641945517468{border-top-width: 1px !important;border-right-width: 1px !important;border-bottom-width: 1px !important;border-left-width: 1px !important;}&#8220;][vc_column width=&#8220;1\/6&#8243;][\/vc_column][vc_column width=&#8220;2\/3&#8243;][vc_column_text]<\/p>\n<h2><img loading=\"lazy\" decoding=\"async\" class=\"alignnone wp-image-40\" src=\"http:\/\/zlatniretriver.rs\/wp-content\/uploads\/2021\/12\/sapica-1.png\" alt=\"\" width=\"30\" height=\"27\" \/> Impfung des Golden Retrievers<\/h2>\n<p>&nbsp;<\/p>\n<p style=\"text-align: justify;\">Bei der Geburt erhalten Welpen, die ges\u00e4ugt werden (insbesondere wenn sie Kolostrum aufnehmen), sch\u00fctzende Antik\u00f6rper von ihrer Mutter, die sie etwa sechs Wochen lang sch\u00fctzen. Die erste Impfung, die ein Welpe erhalten kann, ist eine bivalente \u201eWelpen\u201c-Impfung gegen Staupe und Parvovirose, die normalerweise im Alter von 28 Tagen bei Welpen mit h\u00f6herem Infektionsrisiko verabreicht wird. Alternativ wird eine pentavalente Impfung im Alter von sechs Wochen verabreicht.<\/p>\n<p>Die zweite Dosis der pentavalenten Impfung wird im Alter von 9 Wochen verabreicht, und die dritte und letzte Dosis im Alter von 12 Wochen \u2013 wenn das Immunsystem am weitesten entwickelt ist und die st\u00e4rkste Immunreaktion erm\u00f6glicht.<br \/>\nNach den neuesten Richtlinien der Weltvereinigung der Kleintier\u00e4rzte (WSAVA) ist es am besten, die erste Impfung im Alter von 6 Wochen zu verabreichen, gefolgt von zwei weiteren Dosen im Abstand von 3 bis 4 Wochen.<br \/>\nDie St\u00e4rke der Immunantwort h\u00e4ngt vom individuellen Immunsystem des Welpen ab. Daher sollten nur gesunde und ordnungsgem\u00e4\u00df entwurmte Welpen geimpft werden.<\/p>\n<p>Die pentavalente Impfung bietet Schutz vor folgenden Krankheiten<\/p>\n<ul>\n<li>Parvovirose<\/li>\n<li>Hundestaupe (Morbillivirus)<\/li>\n<li>Adenovirus<\/li>\n<li>Parainfluenzavirus<\/li>\n<li>Bestimmte St\u00e4mme von Leptospira-Bakterien<\/li>\n<\/ul>\n<p>Alle durch die genannten Viren und Bakterien verursachten Infektionskrankheiten weisen auch bei richtiger Behandlung eine hohe Sterblichkeitsrate auf. Die einzige altersabh\u00e4ngige Krankheit ist die Parvovirose (sie betrifft nur junge Hunde), w\u00e4hrend alle anderen Infektionskrankheiten auch \u00e4ltere Hunde betreffen k\u00f6nnen.<\/p>\n<p>Nach der Impfung entwickelt ein Hund erst nach 7\u201314 Tagen eine Immunit\u00e4t. In diesem Zeitraum ist es daher wichtig, den Welpen weiterhin zu sch\u00fctzen und jeglichen Kontakt mit anderen Hunden zu vermeiden.<br \/>\nEs ist nochmals zu betonen, dass diese Krankheiten zwar haupts\u00e4chlich Welpen betreffen, aber auch erwachsene Hunde sich infizieren k\u00f6nnen. Daher ist es unerl\u00e4sslich, die Impfung ein Jahr sp\u00e4ter zu wiederholen.<\/p>\n<p>Zus\u00e4tzlich zur Impfung gegen Infektionskrankheiten sind alle Hunde \u00fcber 3 Monate gesetzlich verpflichtet, mit einem Mikrochip gekennzeichnet und gegen Tollwut geimpft zu sein. Die Tollwutimpfung wird als Einzeldosis verabreicht.<\/p>\n<p>Beide Impfungen \u2013 gegen Infektionskrankheiten und gegen Tollwut \u2013 m\u00fcssen j\u00e4hrlich wiederholt werden, um einen ausreichenden Antik\u00f6rperspiegel aufrechtzuerhalten und einen kontinuierlichen Schutz zu gew\u00e4hrleisten.<\/p>\n<p>Neben diesen beiden Pflichtimpfungen k\u00f6nnen Hunde auch gegen Zwingerhusten geimpft werden. Diese Impfung sch\u00fctzt vor zwei Erregern: dem Parainfluenzavirus des Hundes und Bordetella bronchiseptica. Diese Impfung wird f\u00fcr Hunde empfohlen, die einem hohen Infektionsrisiko ausgesetzt sind, wie z.\u202fB. in Zwingern, Tierheimen oder Rettungsstationen.<\/p>\n<h4><span style=\"color: #d5b038;\">Impfregeln f\u00fcr Hunde:<\/span><\/h4>\n<ul>\n<li>Nur klinisch gesunde Tiere d\u00fcrfen geimpft werden.<\/li>\n<li>Eine Woche \u2013 maximal zehn Tage \u2013 vor der Impfung m\u00fcssen Haustiere entwurmt werden, da innere Parasiten Toxine produzieren, die das Immunsystem schw\u00e4chen und die Wirksamkeit der Impfung verringern.<\/li>\n<li>Welpen sollten in einer Tierklinik geimpft werden, um die Reaktion des Tieres auf die Impfung (z.\u202fB. Anaphylaxie) \u00fcberwachen zu k\u00f6nnen.<\/li>\n<\/ul>\n<p>[\/vc_column_text][\/vc_column][vc_column width=&#8220;1\/6&#8243;][vc_column_text]<img loading=\"lazy\" decoding=\"async\" class=\"size-medium wp-image-257 aligncenter\" src=\"http:\/\/zlatniretriver.rs\/wp-content\/uploads\/2022\/01\/zlatni-retriver-nas-300x300.png\" alt=\"\" width=\"300\" height=\"300\" srcset=\"https:\/\/zlatniretriver.rs\/wp-content\/uploads\/2022\/01\/zlatni-retriver-nas-300x300.png 300w, https:\/\/zlatniretriver.rs\/wp-content\/uploads\/2022\/01\/zlatni-retriver-nas-150x150.png 150w, https:\/\/zlatniretriver.rs\/wp-content\/uploads\/2022\/01\/zlatni-retriver-nas.png 600w\" sizes=\"auto, (max-width: 300px) 100vw, 300px\" \/>[\/vc_column_text][\/vc_column][\/vc_row][vc_row css=&#8220;.vc_custom_1641945517468{border-top-width: 1px !important;border-right-width: 1px !important;border-bottom-width: 1px !important;border-left-width: 1px !important;}&#8220;][vc_column width=&#8220;1\/6&#8243;][vc_column_text]<img loading=\"lazy\" decoding=\"async\" class=\"size-medium wp-image-257 aligncenter\" src=\"http:\/\/zlatniretriver.rs\/wp-content\/uploads\/2022\/01\/zlatni-retriver-nas-300x300.png\" alt=\"\" width=\"300\" height=\"300\" srcset=\"https:\/\/zlatniretriver.rs\/wp-content\/uploads\/2022\/01\/zlatni-retriver-nas-300x300.png 300w, https:\/\/zlatniretriver.rs\/wp-content\/uploads\/2022\/01\/zlatni-retriver-nas-150x150.png 150w, https:\/\/zlatniretriver.rs\/wp-content\/uploads\/2022\/01\/zlatni-retriver-nas.png 600w\" sizes=\"auto, (max-width: 300px) 100vw, 300px\" \/>[\/vc_column_text][\/vc_column][vc_column width=&#8220;2\/3&#8243;][vc_column_text]<\/p>\n<h3><img loading=\"lazy\" decoding=\"async\" class=\"alignnone wp-image-40\" src=\"http:\/\/zlatniretriver.rs\/wp-content\/uploads\/2021\/12\/sapica-1.png\" alt=\"\" width=\"30\" height=\"27\" \/> Andere Gesundheitszust\u00e4nde<\/h3>\n<p>&nbsp;<\/p>\n<p style=\"text-align: justify;\">Besondere Aufmerksamkeit ist bei der Aufzucht eines Welpen erforderlich, da er sehr schnell w\u00e4chst (zwischen dem vierten und siebten Lebensmonat) und zu Knochenerkrankungen neigt. Lassen Sie ihn nicht auf harten Oberfl\u00e4chen wie Betonwegen laufen oder spielen \u2013 zumindest nicht, bis die Gelenke vollst\u00e4ndig entwickelt sind (in der Regel bis zum Alter von 2 Jahren). Spielen auf Gras ist am besten.<\/p>\n<p style=\"text-align: justify;\">Die h\u00e4ufigsten Gesundheitsprobleme dieser Rasse sind: H\u00fcftdysplasie, Ellbogendysplasie, Katarakte, Progressive Retinaatrophie (PRA), Subvalvul\u00e4re Aortenstenose, Osteochondrose, Allergien, Von-Willebrand-Krankheit, Magendrehung (Bl\u00e4hung), Epilepsie, Hypothyreose, H\u00e4mangiosarkom, Osteosarkom.<\/p>\n<p>[\/vc_column_text][\/vc_column][vc_column width=&#8220;1\/6&#8243;][\/vc_column][\/vc_row]<\/p>\n<\/div>","protected":false},"excerpt":{"rendered":"<p>[vc_row css=&#8220;.vc_custom_1641945517468{border-top-width: 1px !important;border-right-width: 1px !important;border-bottom-width: 1px !important;border-left-width: 1px !important;}&#8220;][vc_column width=&#8220;1\/6&#8243;][vc_column_text][\/vc_column_text][\/vc_column][vc_column width=&#8220;2\/3&#8243;][vc_column_text] Gesundheit des Golden Retrievers &nbsp; Entwurmung und parasitenbek\u00e4mpfung &nbsp; Parasiten k\u00f6nnen bei Hunden ernsthafte Komplikationen verursachen, darunter schwere Krankheiten und sogar den Tod. Deshalb ist es sehr wichtig, gut \u00fcber parasit\u00e4re Krankheiten informiert zu sein und Ihr Haustier regelm\u00e4\u00dfig gegen alle Arten von&hellip;<\/p>\n","protected":false},"author":2,"featured_media":0,"parent":0,"menu_order":0,"comment_status":"closed","ping_status":"closed","template":"","meta":{"footnotes":""},"class_list":["post-872","page","type-page","status-publish","hentry","description-off"],"yoast_head":"<!-- This site is optimized with the Yoast SEO plugin v25.8 - https:\/\/yoast.com\/wordpress\/plugins\/seo\/ -->\n<title>Gesundheit und pflege des Golden Retrievers<\/title>\n<meta name=\"description\" content=\"Erfahren Sie alles \u00fcber Entwurmung, Impfungen und h\u00e4ufige Krankheiten beim Golden Retriever f\u00fcr ein langes und gesundes Hundeleben.\" \/>\n<meta name=\"robots\" content=\"index, follow, max-snippet:-1, max-image-preview:large, max-video-preview:-1\" \/>\n<link rel=\"canonical\" href=\"https:\/\/zlatniretriver.rs\/zdravlje-retrivera\/\" \/>\n<meta property=\"og:locale\" content=\"de_DE\" \/>\n<meta property=\"og:type\" content=\"article\" \/>\n<meta property=\"og:title\" content=\"Gesundheit und pflege des Golden Retrievers\" \/>\n<meta property=\"og:description\" content=\"Erfahren Sie alles \u00fcber Entwurmung, Impfungen und h\u00e4ufige Krankheiten beim Golden Retriever f\u00fcr ein langes und gesundes Hundeleben.\" \/>\n<meta property=\"og:url\" content=\"https:\/\/zlatniretriver.rs\/zdravlje-retrivera\/\" \/>\n<meta property=\"og:site_name\" content=\"Zlatni retriver\" \/>\n<meta property=\"article:modified_time\" content=\"2025-08-08T11:25:17+00:00\" \/>\n<meta property=\"og:image\" content=\"http:\/\/zlatniretriver.rs\/wp-content\/uploads\/2022\/01\/zlatni-retriver-nas-300x300.png\" \/>\n<meta name=\"twitter:card\" content=\"summary_large_image\" \/>\n<meta name=\"twitter:label1\" content=\"Gesch\u00e4tzte Lesezeit\" \/>\n\t<meta name=\"twitter:data1\" content=\"6\u00a0Minuten\" \/>\n<script type=\"application\/ld+json\" class=\"yoast-schema-graph\">{\"@context\":\"https:\/\/schema.org\",\"@graph\":[{\"@type\":\"WebPage\",\"@id\":\"https:\/\/zlatniretriver.rs\/zdravlje-retrivera\/\",\"url\":\"https:\/\/zlatniretriver.rs\/zdravlje-retrivera\/\",\"name\":\"Gesundheit und pflege des Golden Retrievers\",\"isPartOf\":{\"@id\":\"https:\/\/zlatniretriver.rs\/#website\"},\"primaryImageOfPage\":{\"@id\":\"https:\/\/zlatniretriver.rs\/zdravlje-retrivera\/#primaryimage\"},\"image\":{\"@id\":\"https:\/\/zlatniretriver.rs\/zdravlje-retrivera\/#primaryimage\"},\"thumbnailUrl\":\"http:\/\/zlatniretriver.rs\/wp-content\/uploads\/2022\/01\/zlatni-retriver-nas-300x300.png\",\"datePublished\":\"2022-01-12T00:39:10+00:00\",\"dateModified\":\"2025-08-08T11:25:17+00:00\",\"description\":\"Erfahren Sie alles \u00fcber Entwurmung, Impfungen und h\u00e4ufige Krankheiten beim Golden Retriever f\u00fcr ein langes und gesundes Hundeleben.\",\"breadcrumb\":{\"@id\":\"https:\/\/zlatniretriver.rs\/zdravlje-retrivera\/#breadcrumb\"},\"inLanguage\":\"de\",\"potentialAction\":[{\"@type\":\"ReadAction\",\"target\":[\"https:\/\/zlatniretriver.rs\/zdravlje-retrivera\/\"]}]},{\"@type\":\"ImageObject\",\"inLanguage\":\"de\",\"@id\":\"https:\/\/zlatniretriver.rs\/zdravlje-retrivera\/#primaryimage\",\"url\":\"http:\/\/zlatniretriver.rs\/wp-content\/uploads\/2022\/01\/zlatni-retriver-nas-300x300.png\",\"contentUrl\":\"http:\/\/zlatniretriver.rs\/wp-content\/uploads\/2022\/01\/zlatni-retriver-nas-300x300.png\"},{\"@type\":\"BreadcrumbList\",\"@id\":\"https:\/\/zlatniretriver.rs\/zdravlje-retrivera\/#breadcrumb\",\"itemListElement\":[{\"@type\":\"ListItem\",\"position\":1,\"name\":\"Home\",\"item\":\"https:\/\/zlatniretriver.rs\/\"},{\"@type\":\"ListItem\",\"position\":2,\"name\":\"GESUNDHEIT DES GOLDER RETRIEVERS\"}]},{\"@type\":\"WebSite\",\"@id\":\"https:\/\/zlatniretriver.rs\/#website\",\"url\":\"https:\/\/zlatniretriver.rs\/\",\"name\":\"Zlatni retriver\",\"description\":\"Odgajiva\u010dnica zlatnih retrivera\",\"potentialAction\":[{\"@type\":\"SearchAction\",\"target\":{\"@type\":\"EntryPoint\",\"urlTemplate\":\"https:\/\/zlatniretriver.rs\/?s={search_term_string}\"},\"query-input\":{\"@type\":\"PropertyValueSpecification\",\"valueRequired\":true,\"valueName\":\"search_term_string\"}}],\"inLanguage\":\"de\"}]}<\/script>\n<!-- \/ Yoast SEO plugin. -->","yoast_head_json":{"title":"Gesundheit und pflege des Golden Retrievers","description":"Erfahren Sie alles \u00fcber Entwurmung, Impfungen und h\u00e4ufige Krankheiten beim Golden Retriever f\u00fcr ein langes und gesundes Hundeleben.","robots":{"index":"index","follow":"follow","max-snippet":"max-snippet:-1","max-image-preview":"max-image-preview:large","max-video-preview":"max-video-preview:-1"},"canonical":"https:\/\/zlatniretriver.rs\/zdravlje-retrivera\/","og_locale":"de_DE","og_type":"article","og_title":"Gesundheit und pflege des Golden Retrievers","og_description":"Erfahren Sie alles \u00fcber Entwurmung, Impfungen und h\u00e4ufige Krankheiten beim Golden Retriever f\u00fcr ein langes und gesundes Hundeleben.","og_url":"https:\/\/zlatniretriver.rs\/zdravlje-retrivera\/","og_site_name":"Zlatni retriver","article_modified_time":"2025-08-08T11:25:17+00:00","og_image":[{"url":"http:\/\/zlatniretriver.rs\/wp-content\/uploads\/2022\/01\/zlatni-retriver-nas-300x300.png","type":"","width":"","height":""}],"twitter_card":"summary_large_image","twitter_misc":{"Gesch\u00e4tzte Lesezeit":"6\u00a0Minuten"},"schema":{"@context":"https:\/\/schema.org","@graph":[{"@type":"WebPage","@id":"https:\/\/zlatniretriver.rs\/zdravlje-retrivera\/","url":"https:\/\/zlatniretriver.rs\/zdravlje-retrivera\/","name":"Gesundheit und pflege des Golden Retrievers","isPartOf":{"@id":"https:\/\/zlatniretriver.rs\/#website"},"primaryImageOfPage":{"@id":"https:\/\/zlatniretriver.rs\/zdravlje-retrivera\/#primaryimage"},"image":{"@id":"https:\/\/zlatniretriver.rs\/zdravlje-retrivera\/#primaryimage"},"thumbnailUrl":"http:\/\/zlatniretriver.rs\/wp-content\/uploads\/2022\/01\/zlatni-retriver-nas-300x300.png","datePublished":"2022-01-12T00:39:10+00:00","dateModified":"2025-08-08T11:25:17+00:00","description":"Erfahren Sie alles \u00fcber Entwurmung, Impfungen und h\u00e4ufige Krankheiten beim Golden Retriever f\u00fcr ein langes und gesundes Hundeleben.","breadcrumb":{"@id":"https:\/\/zlatniretriver.rs\/zdravlje-retrivera\/#breadcrumb"},"inLanguage":"de","potentialAction":[{"@type":"ReadAction","target":["https:\/\/zlatniretriver.rs\/zdravlje-retrivera\/"]}]},{"@type":"ImageObject","inLanguage":"de","@id":"https:\/\/zlatniretriver.rs\/zdravlje-retrivera\/#primaryimage","url":"http:\/\/zlatniretriver.rs\/wp-content\/uploads\/2022\/01\/zlatni-retriver-nas-300x300.png","contentUrl":"http:\/\/zlatniretriver.rs\/wp-content\/uploads\/2022\/01\/zlatni-retriver-nas-300x300.png"},{"@type":"BreadcrumbList","@id":"https:\/\/zlatniretriver.rs\/zdravlje-retrivera\/#breadcrumb","itemListElement":[{"@type":"ListItem","position":1,"name":"Home","item":"https:\/\/zlatniretriver.rs\/"},{"@type":"ListItem","position":2,"name":"GESUNDHEIT DES GOLDER RETRIEVERS"}]},{"@type":"WebSite","@id":"https:\/\/zlatniretriver.rs\/#website","url":"https:\/\/zlatniretriver.rs\/","name":"Zlatni retriver","description":"Odgajiva\u010dnica zlatnih retrivera","potentialAction":[{"@type":"SearchAction","target":{"@type":"EntryPoint","urlTemplate":"https:\/\/zlatniretriver.rs\/?s={search_term_string}"},"query-input":{"@type":"PropertyValueSpecification","valueRequired":true,"valueName":"search_term_string"}}],"inLanguage":"de"}]}},"_links":{"self":[{"href":"https:\/\/zlatniretriver.rs\/de\/wp-json\/wp\/v2\/pages\/872","targetHints":{"allow":["GET"]}}],"collection":[{"href":"https:\/\/zlatniretriver.rs\/de\/wp-json\/wp\/v2\/pages"}],"about":[{"href":"https:\/\/zlatniretriver.rs\/de\/wp-json\/wp\/v2\/types\/page"}],"author":[{"embeddable":true,"href":"https:\/\/zlatniretriver.rs\/de\/wp-json\/wp\/v2\/users\/2"}],"replies":[{"embeddable":true,"href":"https:\/\/zlatniretriver.rs\/de\/wp-json\/wp\/v2\/comments?post=872"}],"version-history":[{"count":8,"href":"https:\/\/zlatniretriver.rs\/de\/wp-json\/wp\/v2\/pages\/872\/revisions"}],"predecessor-version":[{"id":905,"href":"https:\/\/zlatniretriver.rs\/de\/wp-json\/wp\/v2\/pages\/872\/revisions\/905"}],"wp:attachment":[{"href":"https:\/\/zlatniretriver.rs\/de\/wp-json\/wp\/v2\/media?parent=872"}],"curies":[{"name":"wp","href":"https:\/\/api.w.org\/{rel}","templated":true}]}}