{"id":862,"date":"2021-12-16T12:58:32","date_gmt":"2021-12-16T12:58:32","guid":{"rendered":"http:\/\/zlatniretriver.rs\/?page_id=862"},"modified":"2025-08-08T11:21:25","modified_gmt":"2025-08-08T11:21:25","slug":"ursprung-und-anerkennung-des-golden-retrievers","status":"publish","type":"page","link":"https:\/\/zlatniretriver.rs\/de\/ursprung-und-anerkennung-des-golden-retrievers\/","title":{"rendered":"URSPRUNG DES GOLDER RETRIEVERS"},"content":{"rendered":"<div class=\"wpb-content-wrapper\"><p>[vc_row][vc_column width=&#8220;2\/3&#8243;][vc_empty_space][vc_column_text css=&#8220;&#8220;][\/vc_column_text][vc_column_text css=&#8220;&#8220;]<\/p>\n<h1><span style=\"color: #d5b038;\">Ursprung des Golden Retrievers<\/span><\/h1>\n<hr \/>\n<p>&nbsp;<\/p>\n<p style=\"text-align: justify;\">Diese Hunderasse stammt aus Schottland vom Anwesen von Mr. Dudley Majoribanks, der sp\u00e4ter als Lord Tweedmouth bekannt wurde. Er z\u00fcchtete verschiedene Hunderassen, und seine Zuchtaufzeichnungen reichen von 1835 bis 1890. Als er einen Wavy-coated Retriever mit einer Wasserspaniel-H\u00fcndin namens Belle kreuzte, bekam er drei Welpen: Crocus, Cowslip und Primrose.<\/p>\n<p style=\"text-align: justify;\">Sein Ziel war es, talentierte, loyale und temperamentvolle Jagdhunde mit einem au\u00dfergew\u00f6hnlichen Geruchssinn zu entwickeln \u2013 Hunde, die ihrem Jagdpartner beim Apportieren von Wild helfen konnten und gleichzeitig zu Hause ruhig und treu waren (Eigenschaften, f\u00fcr die Golden Retriever heute bekannt sind). Er schenkte den gelben Welpen besondere Aufmerksamkeit und gab die anderen an Freunde weiter, um sein Zuchtprogramm fortzusetzen. Seine W\u00fcrfe erregten aufgrund ihrer Jagdf\u00e4higkeiten gro\u00dfe Aufmerksamkeit, und bereits im fernen Jahr 1904 gewann sein Hund Don of Gerwyn das International Gundog League Trial.<\/p>\n<p>[\/vc_column_text][\/vc_column][vc_column width=&#8220;1\/3&#8243;][vc_empty_space][vc_column_text css=&#8220;&#8220;][\/vc_column_text][vc_column_text css=&#8220;&#8220;]<img loading=\"lazy\" decoding=\"async\" class=\"size-medium wp-image-80 aligncenter\" src=\"http:\/\/zlatniretriver.rs\/wp-content\/uploads\/2022\/01\/poreklo-zlatnih-retrivera-209x300.jpg\" alt=\"\" width=\"209\" height=\"300\" srcset=\"https:\/\/zlatniretriver.rs\/wp-content\/uploads\/2022\/01\/poreklo-zlatnih-retrivera-209x300.jpg 209w, https:\/\/zlatniretriver.rs\/wp-content\/uploads\/2022\/01\/poreklo-zlatnih-retrivera.jpg 253w\" sizes=\"auto, (max-width: 209px) 100vw, 209px\" \/><\/p>\n<h5 style=\"text-align: center;\">Junger Simon Munro mit Nous<br \/>\nQuelle (<span style=\"color: #d5b038;\"><a style=\"color: #d5b038;\" href=\"http:\/\/friendsofguisachan.org\/main\/guisachan\/\" target=\"_blank\" rel=\"noopener\">friendsofguisachan.org<\/a><\/span>)<\/h5>\n<h5 style=\"text-align: center;\">Weitere Bilder, Informationen \u00fcber die Entstehung,<br \/>\nAhnen der Rasse <span style=\"color: #d5b038;\"><a style=\"color: #d5b038;\" href=\"http:\/\/goldenretrieversthefirstcentury.com\/Assets\/book\/Section%2002_Breed%20Development_%20Part%20%20A%20(3).pdf\" target=\"_blank\" rel=\"noopener\">HIER<\/a><\/span><\/h5>\n<p>[\/vc_column_text][\/vc_column][\/vc_row][vc_row css=&#8220;.vc_custom_1641945069573{border-top-width: 1px !important;border-right-width: 1px !important;border-bottom-width: 1px !important;border-left-width: 1px !important;border-left-color: #d5b038 !important;border-left-style: solid !important;border-right-color: #d5b038 !important;border-right-style: solid !important;border-top-color: #d5b038 !important;border-top-style: solid !important;border-bottom-color: #d5b038 !important;border-bottom-style: solid !important;}&#8220;][vc_column width=&#8220;1\/3&#8243; offset=&#8220;vc_hidden-sm vc_hidden-xs&#8220;][vc_column_text]<img loading=\"lazy\" decoding=\"async\" class=\"size-medium wp-image-261 aligncenter\" src=\"http:\/\/zlatniretriver.rs\/wp-content\/uploads\/2022\/01\/zlatni-retriver-nasl-300x300.png\" alt=\"\" width=\"300\" height=\"300\" srcset=\"https:\/\/zlatniretriver.rs\/wp-content\/uploads\/2022\/01\/zlatni-retriver-nasl-300x300.png 300w, https:\/\/zlatniretriver.rs\/wp-content\/uploads\/2022\/01\/zlatni-retriver-nasl-150x150.png 150w, https:\/\/zlatniretriver.rs\/wp-content\/uploads\/2022\/01\/zlatni-retriver-nasl.png 600w\" sizes=\"auto, (max-width: 300px) 100vw, 300px\" \/>[\/vc_column_text][\/vc_column][vc_column width=&#8220;2\/3&#8243;][vc_column_text css=&#8220;&#8220;]<img loading=\"lazy\" decoding=\"async\" class=\"size-full wp-image-40\" src=\"http:\/\/zlatniretriver.rs\/wp-content\/uploads\/2021\/12\/sapica-1.png\" alt=\"\" width=\"50\" height=\"45\" \/><\/p>\n<h2><span style=\"color: #d5b038;\">Rasseanerkennung des Golden Retrievers<\/span><\/h2>\n<p>&nbsp;<\/p>\n<p><span style=\"color: #d5b038;\">Der Kennel Club in England registrierte die Rasse im Jahr 1911<\/span> und klassifizierte die Hunde als <span style=\"color: #d5b038;\">\u201eRe\u201eRetriever \u2013 Golden oder Yellow\u201c.\u201c<\/span>, a <span style=\"color: #d5b038;\">Im Jahr 1920 <\/span> wurde der Rassename offiziell in <span style=\"color: #d5b038;\">Golden Retriever ge\u00e4ndert.<\/span><\/p>\n<p>Der American Kennel Club erkannte die Rasse <span style=\"color: #d5b038;\">1932 an<\/span>, und heute ist sie die zweith\u00e4ufigste Hunderasse in den Vereinigten Staaten.[\/vc_column_text][\/vc_column][\/vc_row][vc_row][vc_column][\/vc_column][\/vc_row]<\/p>\n<\/div>","protected":false},"excerpt":{"rendered":"<p>[vc_row][vc_column width=&#8220;2\/3&#8243;][vc_empty_space][vc_column_text css=&#8220;&#8220;][\/vc_column_text][vc_column_text css=&#8220;&#8220;] Ursprung des Golden Retrievers &nbsp; Diese Hunderasse stammt aus Schottland vom Anwesen von Mr. Dudley Majoribanks, der sp\u00e4ter als Lord Tweedmouth bekannt wurde. Er z\u00fcchtete verschiedene Hunderassen, und seine Zuchtaufzeichnungen reichen von 1835 bis 1890. Als er einen Wavy-coated Retriever mit einer Wasserspaniel-H\u00fcndin namens Belle kreuzte, bekam er drei Welpen: Crocus,&hellip;<\/p>\n","protected":false},"author":2,"featured_media":0,"parent":0,"menu_order":0,"comment_status":"closed","ping_status":"closed","template":"","meta":{"footnotes":""},"class_list":["post-862","page","type-page","status-publish","hentry","description-off"],"yoast_head":"<!-- This site is optimized with the Yoast SEO plugin v25.8 - https:\/\/yoast.com\/wordpress\/plugins\/seo\/ -->\n<title>Ursprung und Anerkennung des golden retrievers<\/title>\n<meta name=\"description\" content=\"Erfahre mehr \u00fcber die herkunft und rasseanerkennung des golden retrievers, vom schottischen adel bis zur weltweiten beliebtheit.\" \/>\n<meta name=\"robots\" content=\"index, follow, max-snippet:-1, max-image-preview:large, max-video-preview:-1\" \/>\n<link rel=\"canonical\" href=\"https:\/\/zlatniretriver.rs\/poreklo-zlatnih-retrivera\/\" \/>\n<meta property=\"og:locale\" content=\"de_DE\" \/>\n<meta property=\"og:type\" content=\"article\" \/>\n<meta property=\"og:title\" content=\"Ursprung und Anerkennung des golden retrievers\" \/>\n<meta property=\"og:description\" content=\"Erfahre mehr \u00fcber die herkunft und rasseanerkennung des golden retrievers, vom schottischen adel bis zur weltweiten beliebtheit.\" \/>\n<meta property=\"og:url\" content=\"https:\/\/zlatniretriver.rs\/poreklo-zlatnih-retrivera\/\" \/>\n<meta property=\"og:site_name\" content=\"Zlatni retriver\" \/>\n<meta property=\"article:modified_time\" content=\"2025-08-08T11:21:25+00:00\" \/>\n<meta property=\"og:image\" content=\"http:\/\/zlatniretriver.rs\/wp-content\/uploads\/2022\/01\/poreklo-zlatnih-retrivera-209x300.jpg\" \/>\n<meta name=\"twitter:card\" content=\"summary_large_image\" \/>\n<meta name=\"twitter:label1\" content=\"Gesch\u00e4tzte Lesezeit\" \/>\n\t<meta name=\"twitter:data1\" content=\"2\u00a0Minuten\" \/>\n<script type=\"application\/ld+json\" class=\"yoast-schema-graph\">{\"@context\":\"https:\/\/schema.org\",\"@graph\":[{\"@type\":\"WebPage\",\"@id\":\"https:\/\/zlatniretriver.rs\/poreklo-zlatnih-retrivera\/\",\"url\":\"https:\/\/zlatniretriver.rs\/poreklo-zlatnih-retrivera\/\",\"name\":\"Ursprung und Anerkennung des golden retrievers\",\"isPartOf\":{\"@id\":\"https:\/\/zlatniretriver.rs\/#website\"},\"primaryImageOfPage\":{\"@id\":\"https:\/\/zlatniretriver.rs\/poreklo-zlatnih-retrivera\/#primaryimage\"},\"image\":{\"@id\":\"https:\/\/zlatniretriver.rs\/poreklo-zlatnih-retrivera\/#primaryimage\"},\"thumbnailUrl\":\"http:\/\/zlatniretriver.rs\/wp-content\/uploads\/2022\/01\/poreklo-zlatnih-retrivera-209x300.jpg\",\"datePublished\":\"2021-12-16T12:58:32+00:00\",\"dateModified\":\"2025-08-08T11:21:25+00:00\",\"description\":\"Erfahre mehr \u00fcber die herkunft und rasseanerkennung des golden retrievers, vom schottischen adel bis zur weltweiten beliebtheit.\",\"breadcrumb\":{\"@id\":\"https:\/\/zlatniretriver.rs\/poreklo-zlatnih-retrivera\/#breadcrumb\"},\"inLanguage\":\"de\",\"potentialAction\":[{\"@type\":\"ReadAction\",\"target\":[\"https:\/\/zlatniretriver.rs\/poreklo-zlatnih-retrivera\/\"]}]},{\"@type\":\"ImageObject\",\"inLanguage\":\"de\",\"@id\":\"https:\/\/zlatniretriver.rs\/poreklo-zlatnih-retrivera\/#primaryimage\",\"url\":\"http:\/\/zlatniretriver.rs\/wp-content\/uploads\/2022\/01\/poreklo-zlatnih-retrivera-209x300.jpg\",\"contentUrl\":\"http:\/\/zlatniretriver.rs\/wp-content\/uploads\/2022\/01\/poreklo-zlatnih-retrivera-209x300.jpg\"},{\"@type\":\"BreadcrumbList\",\"@id\":\"https:\/\/zlatniretriver.rs\/poreklo-zlatnih-retrivera\/#breadcrumb\",\"itemListElement\":[{\"@type\":\"ListItem\",\"position\":1,\"name\":\"Home\",\"item\":\"https:\/\/zlatniretriver.rs\/\"},{\"@type\":\"ListItem\",\"position\":2,\"name\":\"URSPRUNG DES GOLDER RETRIEVERS\"}]},{\"@type\":\"WebSite\",\"@id\":\"https:\/\/zlatniretriver.rs\/#website\",\"url\":\"https:\/\/zlatniretriver.rs\/\",\"name\":\"Zlatni retriver\",\"description\":\"Odgajiva\u010dnica zlatnih retrivera\",\"potentialAction\":[{\"@type\":\"SearchAction\",\"target\":{\"@type\":\"EntryPoint\",\"urlTemplate\":\"https:\/\/zlatniretriver.rs\/?s={search_term_string}\"},\"query-input\":{\"@type\":\"PropertyValueSpecification\",\"valueRequired\":true,\"valueName\":\"search_term_string\"}}],\"inLanguage\":\"de\"}]}<\/script>\n<!-- \/ Yoast SEO plugin. -->","yoast_head_json":{"title":"Ursprung und Anerkennung des golden retrievers","description":"Erfahre mehr \u00fcber die herkunft und rasseanerkennung des golden retrievers, vom schottischen adel bis zur weltweiten beliebtheit.","robots":{"index":"index","follow":"follow","max-snippet":"max-snippet:-1","max-image-preview":"max-image-preview:large","max-video-preview":"max-video-preview:-1"},"canonical":"https:\/\/zlatniretriver.rs\/poreklo-zlatnih-retrivera\/","og_locale":"de_DE","og_type":"article","og_title":"Ursprung und Anerkennung des golden retrievers","og_description":"Erfahre mehr \u00fcber die herkunft und rasseanerkennung des golden retrievers, vom schottischen adel bis zur weltweiten beliebtheit.","og_url":"https:\/\/zlatniretriver.rs\/poreklo-zlatnih-retrivera\/","og_site_name":"Zlatni retriver","article_modified_time":"2025-08-08T11:21:25+00:00","og_image":[{"url":"http:\/\/zlatniretriver.rs\/wp-content\/uploads\/2022\/01\/poreklo-zlatnih-retrivera-209x300.jpg","type":"","width":"","height":""}],"twitter_card":"summary_large_image","twitter_misc":{"Gesch\u00e4tzte Lesezeit":"2\u00a0Minuten"},"schema":{"@context":"https:\/\/schema.org","@graph":[{"@type":"WebPage","@id":"https:\/\/zlatniretriver.rs\/poreklo-zlatnih-retrivera\/","url":"https:\/\/zlatniretriver.rs\/poreklo-zlatnih-retrivera\/","name":"Ursprung und Anerkennung des golden retrievers","isPartOf":{"@id":"https:\/\/zlatniretriver.rs\/#website"},"primaryImageOfPage":{"@id":"https:\/\/zlatniretriver.rs\/poreklo-zlatnih-retrivera\/#primaryimage"},"image":{"@id":"https:\/\/zlatniretriver.rs\/poreklo-zlatnih-retrivera\/#primaryimage"},"thumbnailUrl":"http:\/\/zlatniretriver.rs\/wp-content\/uploads\/2022\/01\/poreklo-zlatnih-retrivera-209x300.jpg","datePublished":"2021-12-16T12:58:32+00:00","dateModified":"2025-08-08T11:21:25+00:00","description":"Erfahre mehr \u00fcber die herkunft und rasseanerkennung des golden retrievers, vom schottischen adel bis zur weltweiten beliebtheit.","breadcrumb":{"@id":"https:\/\/zlatniretriver.rs\/poreklo-zlatnih-retrivera\/#breadcrumb"},"inLanguage":"de","potentialAction":[{"@type":"ReadAction","target":["https:\/\/zlatniretriver.rs\/poreklo-zlatnih-retrivera\/"]}]},{"@type":"ImageObject","inLanguage":"de","@id":"https:\/\/zlatniretriver.rs\/poreklo-zlatnih-retrivera\/#primaryimage","url":"http:\/\/zlatniretriver.rs\/wp-content\/uploads\/2022\/01\/poreklo-zlatnih-retrivera-209x300.jpg","contentUrl":"http:\/\/zlatniretriver.rs\/wp-content\/uploads\/2022\/01\/poreklo-zlatnih-retrivera-209x300.jpg"},{"@type":"BreadcrumbList","@id":"https:\/\/zlatniretriver.rs\/poreklo-zlatnih-retrivera\/#breadcrumb","itemListElement":[{"@type":"ListItem","position":1,"name":"Home","item":"https:\/\/zlatniretriver.rs\/"},{"@type":"ListItem","position":2,"name":"URSPRUNG DES GOLDER RETRIEVERS"}]},{"@type":"WebSite","@id":"https:\/\/zlatniretriver.rs\/#website","url":"https:\/\/zlatniretriver.rs\/","name":"Zlatni retriver","description":"Odgajiva\u010dnica zlatnih retrivera","potentialAction":[{"@type":"SearchAction","target":{"@type":"EntryPoint","urlTemplate":"https:\/\/zlatniretriver.rs\/?s={search_term_string}"},"query-input":{"@type":"PropertyValueSpecification","valueRequired":true,"valueName":"search_term_string"}}],"inLanguage":"de"}]}},"_links":{"self":[{"href":"https:\/\/zlatniretriver.rs\/de\/wp-json\/wp\/v2\/pages\/862","targetHints":{"allow":["GET"]}}],"collection":[{"href":"https:\/\/zlatniretriver.rs\/de\/wp-json\/wp\/v2\/pages"}],"about":[{"href":"https:\/\/zlatniretriver.rs\/de\/wp-json\/wp\/v2\/types\/page"}],"author":[{"embeddable":true,"href":"https:\/\/zlatniretriver.rs\/de\/wp-json\/wp\/v2\/users\/2"}],"replies":[{"embeddable":true,"href":"https:\/\/zlatniretriver.rs\/de\/wp-json\/wp\/v2\/comments?post=862"}],"version-history":[{"count":12,"href":"https:\/\/zlatniretriver.rs\/de\/wp-json\/wp\/v2\/pages\/862\/revisions"}],"predecessor-version":[{"id":910,"href":"https:\/\/zlatniretriver.rs\/de\/wp-json\/wp\/v2\/pages\/862\/revisions\/910"}],"wp:attachment":[{"href":"https:\/\/zlatniretriver.rs\/de\/wp-json\/wp\/v2\/media?parent=862"}],"curies":[{"name":"wp","href":"https:\/\/api.w.org\/{rel}","templated":true}]}}