{"id":666,"date":"2021-11-16T13:16:28","date_gmt":"2021-11-16T13:16:28","guid":{"rendered":"http:\/\/zlatniretriver.rs\/sample-page\/"},"modified":"2025-08-08T11:20:03","modified_gmt":"2025-08-08T11:20:03","slug":"golden-retriever","status":"publish","type":"page","link":"https:\/\/zlatniretriver.rs\/de\/","title":{"rendered":"Home"},"content":{"rendered":"<div class=\"wpb-content-wrapper\"><p>[vc_row full_width=&#8220;stretch_row&#8220; bg_type=&#8220;bg_color&#8220; bg_color_value=&#8220;#ffffff&#8220;][vc_column][vc_empty_space height=&#8220;20&#8243;][vc_column_text]<img loading=\"lazy\" decoding=\"async\" class=\"aligncenter wp-image-21 size-full\" src=\"http:\/\/zlatniretriver.rs\/wp-content\/uploads\/2021\/12\/slide-retver-1.jpg\" alt=\"\" width=\"1920\" height=\"700\" srcset=\"https:\/\/zlatniretriver.rs\/wp-content\/uploads\/2021\/12\/slide-retver-1.jpg 1920w, https:\/\/zlatniretriver.rs\/wp-content\/uploads\/2021\/12\/slide-retver-1-300x109.jpg 300w, https:\/\/zlatniretriver.rs\/wp-content\/uploads\/2021\/12\/slide-retver-1-1024x373.jpg 1024w, https:\/\/zlatniretriver.rs\/wp-content\/uploads\/2021\/12\/slide-retver-1-768x280.jpg 768w, https:\/\/zlatniretriver.rs\/wp-content\/uploads\/2021\/12\/slide-retver-1-1536x560.jpg 1536w\" sizes=\"auto, (max-width: 1920px) 100vw, 1920px\" \/>[\/vc_column_text][\/vc_column][\/vc_row][vc_row full_width=&#8220;stretch_row&#8220;][vc_column][vc_column_text]<\/p>\n<h1 style=\"text-align: center;\">Golden Retriever<\/h1>\n<h2 style=\"text-align: center;\">Golden Retriever Zuchtst\u00e4tte \u2013 &#8211; <span style=\"color: #d5b038;\">Bellamax Golden, Serbien<\/span><\/h2>\n<h1 style=\"text-align: center;\"><img loading=\"lazy\" decoding=\"async\" class=\"size-full wp-image-40 aligncenter\" src=\"http:\/\/zlatniretriver.rs\/wp-content\/uploads\/2021\/12\/sapica-1.png\" alt=\"\" width=\"50\" height=\"45\" \/><\/h1>\n<p>[\/vc_column_text][vc_row_inner][vc_column_inner width=&#8220;1\/6&#8243;][\/vc_column_inner][vc_column_inner width=&#8220;2\/3&#8243;][vc_empty_space][vc_column_text css=&#8220;&#8220;]<\/p>\n<h4 style=\"text-align: center;\">Sie befinden sich auf der Website der Golden Retriever Zuchtst\u00e4tte \u201eBellaMax Golden\u201c.<\/h4>\n<p style=\"text-align: center;\">Auf unserer Seite finden Sie Informationen \u00fcber die Rasse Golden Retriever, Tipps zur Zucht, Neuigkeiten (was in unserer \u201egoldenen Familie\u201c passiert) sowie Informationen \u00fcber Welpen (vergangene und aktuelle W\u00fcrfe).<\/p>\n<p>[\/vc_column_text][vc_empty_space height=&#8220;20&#8243;][vc_empty_space height=&#8220;20&#8243;][\/vc_column_inner][vc_column_inner width=&#8220;1\/6&#8243;][\/vc_column_inner][\/vc_row_inner][\/vc_column][\/vc_row][vc_row bg_type=&#8220;bg_color&#8220; enable_overlay=&#8220;enable_overlay_value&#8220; overlay_color=&#8220;#5b5b5b&#8220; overlay_pattern=&#8220;08.png&#8220; overlay_pattern_opacity=&#8220;80&#8243; bg_color_value=&#8220;rgba(10,10,10,0.41)&#8220; css=&#8220;.vc_custom_1643319694052{border-top-width: 1px !important;border-right-width: 1px !important;border-bottom-width: 1px !important;border-left-width: 1px !important;border-left-color: #d5b038 !important;border-left-style: solid !important;border-right-color: #d5b038 !important;border-right-style: solid !important;border-top-color: #d5b038 !important;border-top-style: solid !important;border-bottom-color: #d5b038 !important;border-bottom-style: solid !important;border-radius: 10px !important;}&#8220;][vc_column][vc_column_text css=&#8220;&#8220;]<\/p>\n<h4 style=\"text-align: center;\">\u00dcber uns<\/h4>\n<h1 style=\"text-align: center;\"><span style=\"color: #d5b038;\">Golden Retriever Zuchtst\u00e4tte<\/span><\/h1>\n<p>[\/vc_column_text][vc_empty_space][vc_row_inner][vc_column_inner width=&#8220;1\/3&#8243;][vc_column_text]<img loading=\"lazy\" decoding=\"async\" class=\"size-medium wp-image-254 aligncenter\" src=\"http:\/\/zlatniretriver.rs\/wp-content\/uploads\/2022\/01\/zlatni-retriver-naslovna-1-300x300.png\" alt=\"\" width=\"300\" height=\"300\" srcset=\"https:\/\/zlatniretriver.rs\/wp-content\/uploads\/2022\/01\/zlatni-retriver-naslovna-1-300x300.png 300w, https:\/\/zlatniretriver.rs\/wp-content\/uploads\/2022\/01\/zlatni-retriver-naslovna-1-150x150.png 150w, https:\/\/zlatniretriver.rs\/wp-content\/uploads\/2022\/01\/zlatni-retriver-naslovna-1.png 600w\" sizes=\"auto, (max-width: 300px) 100vw, 300px\" \/>[\/vc_column_text][\/vc_column_inner][vc_column_inner width=&#8220;2\/3&#8243;][vc_column_text css=&#8220;.vc_custom_1754635671430{padding-right: 30px !important;padding-left: 30px !important;}&#8220;]Wir sind eine kleine, gl\u00fcckliche Familienzucht mit Sitz in Kru\u0161evac.<br \/>\nUnsere Golden Retriever werden mit besonderer Sorgfalt in einer h\u00e4uslichen Umgebung aufgezogen, mit Fokus auf gesunde Zucht. Wir ziehen sie in unserem Haus und dem eingez\u00e4unten Hof gro\u00df, umgeben von vielen Kindern.<\/p>\n<p style=\"text-align: justify;\">Wir legen besonderen Wert auf regelm\u00e4\u00dfige Reinigung, eine saubere Umgebung, Impfungen und \u00fcbernehmen gro\u00dfe Verantwortung bei der Aufzucht Ihres neuen Familienmitglieds.<br \/>\nVon klein auf gew\u00f6hnen wir die Welpen daran, ihre Bed\u00fcrfnisse an einem bestimmten Ort zu erledigen \u2013 sp\u00e4ter auch drau\u00dfen im Hof.<\/p>\n<p>Unsere Goldens wurden sorgf\u00e4ltig nach Stammbaum, K\u00f6rperbau und Fellfarbe ausgew\u00e4hlt, um sich von wei\u00dfen Golden Retrievern zu unterscheiden.[\/vc_column_text][\/vc_column_inner][\/vc_row_inner][vc_row_inner][vc_column_inner width=&#8220;2\/3&#8243;][vc_column_text css=&#8220;.vc_custom_1754635731928{padding-right: 30px !important;padding-left: 30px !important;}&#8220;]<\/p>\n<h4><span style=\"color: #d5b038;\">Sie sind GOLDEN!<br \/>\n<\/span><\/h4>\n<p style=\"text-align: justify;\">Das ist das Hauptmerkmal unserer Retriever. Goldgelbes Fell, weiches Haar, loyal und hochintelligent. Der Familie treu ergeben!<\/p>\n<p style=\"text-align: justify;\">SAlle Welpen werden ausschlie\u00dflich bei uns zu Hause aufgezogen \u2013 von der Geburt bis zum Moment, in dem sie in ihre zuk\u00fcnftigen Familien umziehen.<\/p>\n<p style=\"text-align: justify;\">Kurz gesagt: Unsere Goldens sind ein fester Bestandteil unserer Familie, und es ist uns eine Ehre, dass Sie sich daf\u00fcr entschieden haben, eines unserer kleinen Familienmitglieder in Ihre eigene Familie aufzunehmen.<\/p>\n<p><img loading=\"lazy\" decoding=\"async\" class=\"size-full wp-image-40 alignleft\" src=\"http:\/\/zlatniretriver.rs\/wp-content\/uploads\/2021\/12\/sapica-1.png\" alt=\"\" width=\"50\" height=\"45\" \/>[\/vc_column_text][\/vc_column_inner][vc_column_inner width=&#8220;1\/3&#8243;][vc_column_text]<img loading=\"lazy\" decoding=\"async\" class=\"size-medium wp-image-257 aligncenter\" src=\"http:\/\/zlatniretriver.rs\/wp-content\/uploads\/2022\/01\/zlatni-retriver-nas-300x300.png\" alt=\"\" width=\"300\" height=\"300\" srcset=\"https:\/\/zlatniretriver.rs\/wp-content\/uploads\/2022\/01\/zlatni-retriver-nas-300x300.png 300w, https:\/\/zlatniretriver.rs\/wp-content\/uploads\/2022\/01\/zlatni-retriver-nas-150x150.png 150w, https:\/\/zlatniretriver.rs\/wp-content\/uploads\/2022\/01\/zlatni-retriver-nas.png 600w\" sizes=\"auto, (max-width: 300px) 100vw, 300px\" \/>[\/vc_column_text][\/vc_column_inner][\/vc_row_inner][\/vc_column][\/vc_row][vc_row][vc_column][vc_empty_space][\/vc_column][\/vc_row]<\/p>\n<\/div>","protected":false},"excerpt":{"rendered":"<p>[vc_row full_width=&#8220;stretch_row&#8220; bg_type=&#8220;bg_color&#8220; bg_color_value=&#8220;#ffffff&#8220;][vc_column][vc_empty_space height=&#8220;20&#8243;][vc_column_text][\/vc_column_text][\/vc_column][\/vc_row][vc_row full_width=&#8220;stretch_row&#8220;][vc_column][vc_column_text] Golden Retriever Golden Retriever Zuchtst\u00e4tte \u2013 &#8211; Bellamax Golden, Serbien [\/vc_column_text][vc_row_inner][vc_column_inner width=&#8220;1\/6&#8243;][\/vc_column_inner][vc_column_inner width=&#8220;2\/3&#8243;][vc_empty_space][vc_column_text css=&#8220;&#8220;] Sie befinden sich auf der Website der Golden Retriever Zuchtst\u00e4tte \u201eBellaMax Golden\u201c. Auf unserer Seite finden Sie Informationen \u00fcber die Rasse Golden Retriever, Tipps zur Zucht, Neuigkeiten (was in unserer \u201egoldenen Familie\u201c passiert) sowie Informationen&hellip;<\/p>\n","protected":false},"author":1,"featured_media":0,"parent":0,"menu_order":0,"comment_status":"closed","ping_status":"open","template":"","meta":{"footnotes":""},"class_list":["post-666","page","type-page","status-publish","hentry","description-off"],"yoast_head":"<!-- This site is optimized with the Yoast SEO plugin v25.8 - https:\/\/yoast.com\/wordpress\/plugins\/seo\/ -->\n<title>Golden Retriever zucht \u2013 BellaMax Golden Serbien<\/title>\n<meta name=\"description\" content=\"Willkommen bei BellaMax Golden \u2013 famili\u00e4re Golden Retriever Zucht aus Serbien. Gesunde, liebevolle Aufzucht mit Herz.\" \/>\n<meta name=\"robots\" content=\"index, follow, max-snippet:-1, max-image-preview:large, max-video-preview:-1\" \/>\n<link rel=\"canonical\" href=\"https:\/\/zlatniretriver.rs\/\" \/>\n<meta property=\"og:locale\" content=\"de_DE\" \/>\n<meta property=\"og:type\" content=\"article\" \/>\n<meta property=\"og:title\" content=\"Golden Retriever zucht \u2013 BellaMax Golden Serbien\" \/>\n<meta property=\"og:description\" content=\"Willkommen bei BellaMax Golden \u2013 famili\u00e4re Golden Retriever Zucht aus Serbien. Gesunde, liebevolle Aufzucht mit Herz.\" \/>\n<meta property=\"og:url\" content=\"https:\/\/zlatniretriver.rs\/\" \/>\n<meta property=\"og:site_name\" content=\"Zlatni retriver\" \/>\n<meta property=\"article:modified_time\" content=\"2025-08-08T11:20:03+00:00\" \/>\n<meta property=\"og:image\" content=\"http:\/\/zlatniretriver.rs\/wp-content\/uploads\/2021\/12\/slide-retver-1.jpg\" \/>\n<meta name=\"twitter:card\" content=\"summary_large_image\" \/>\n<meta name=\"twitter:label1\" content=\"Gesch\u00e4tzte Lesezeit\" \/>\n\t<meta name=\"twitter:data1\" content=\"3\u00a0Minuten\" \/>\n<script type=\"application\/ld+json\" class=\"yoast-schema-graph\">{\"@context\":\"https:\/\/schema.org\",\"@graph\":[{\"@type\":\"WebPage\",\"@id\":\"https:\/\/zlatniretriver.rs\/\",\"url\":\"https:\/\/zlatniretriver.rs\/\",\"name\":\"Golden Retriever zucht \u2013 BellaMax Golden Serbien\",\"isPartOf\":{\"@id\":\"https:\/\/zlatniretriver.rs\/#website\"},\"primaryImageOfPage\":{\"@id\":\"https:\/\/zlatniretriver.rs\/#primaryimage\"},\"image\":{\"@id\":\"https:\/\/zlatniretriver.rs\/#primaryimage\"},\"thumbnailUrl\":\"http:\/\/zlatniretriver.rs\/wp-content\/uploads\/2021\/12\/slide-retver-1.jpg\",\"datePublished\":\"2021-11-16T13:16:28+00:00\",\"dateModified\":\"2025-08-08T11:20:03+00:00\",\"description\":\"Willkommen bei BellaMax Golden \u2013 famili\u00e4re Golden Retriever Zucht aus Serbien. Gesunde, liebevolle Aufzucht mit Herz.\",\"breadcrumb\":{\"@id\":\"https:\/\/zlatniretriver.rs\/#breadcrumb\"},\"inLanguage\":\"de\",\"potentialAction\":[{\"@type\":\"ReadAction\",\"target\":[\"https:\/\/zlatniretriver.rs\/\"]}]},{\"@type\":\"ImageObject\",\"inLanguage\":\"de\",\"@id\":\"https:\/\/zlatniretriver.rs\/#primaryimage\",\"url\":\"http:\/\/zlatniretriver.rs\/wp-content\/uploads\/2021\/12\/slide-retver-1.jpg\",\"contentUrl\":\"http:\/\/zlatniretriver.rs\/wp-content\/uploads\/2021\/12\/slide-retver-1.jpg\"},{\"@type\":\"BreadcrumbList\",\"@id\":\"https:\/\/zlatniretriver.rs\/#breadcrumb\",\"itemListElement\":[{\"@type\":\"ListItem\",\"position\":1,\"name\":\"Home\",\"item\":\"https:\/\/zlatniretriver.rs\/\"},{\"@type\":\"ListItem\",\"position\":2,\"name\":\"Home\"}]},{\"@type\":\"WebSite\",\"@id\":\"https:\/\/zlatniretriver.rs\/#website\",\"url\":\"https:\/\/zlatniretriver.rs\/\",\"name\":\"Zlatni retriver\",\"description\":\"Odgajiva\u010dnica zlatnih retrivera\",\"potentialAction\":[{\"@type\":\"SearchAction\",\"target\":{\"@type\":\"EntryPoint\",\"urlTemplate\":\"https:\/\/zlatniretriver.rs\/?s={search_term_string}\"},\"query-input\":{\"@type\":\"PropertyValueSpecification\",\"valueRequired\":true,\"valueName\":\"search_term_string\"}}],\"inLanguage\":\"de\"}]}<\/script>\n<!-- \/ Yoast SEO plugin. -->","yoast_head_json":{"title":"Golden Retriever zucht \u2013 BellaMax Golden Serbien","description":"Willkommen bei BellaMax Golden \u2013 famili\u00e4re Golden Retriever Zucht aus Serbien. Gesunde, liebevolle Aufzucht mit Herz.","robots":{"index":"index","follow":"follow","max-snippet":"max-snippet:-1","max-image-preview":"max-image-preview:large","max-video-preview":"max-video-preview:-1"},"canonical":"https:\/\/zlatniretriver.rs\/","og_locale":"de_DE","og_type":"article","og_title":"Golden Retriever zucht \u2013 BellaMax Golden Serbien","og_description":"Willkommen bei BellaMax Golden \u2013 famili\u00e4re Golden Retriever Zucht aus Serbien. Gesunde, liebevolle Aufzucht mit Herz.","og_url":"https:\/\/zlatniretriver.rs\/","og_site_name":"Zlatni retriver","article_modified_time":"2025-08-08T11:20:03+00:00","og_image":[{"url":"http:\/\/zlatniretriver.rs\/wp-content\/uploads\/2021\/12\/slide-retver-1.jpg","type":"","width":"","height":""}],"twitter_card":"summary_large_image","twitter_misc":{"Gesch\u00e4tzte Lesezeit":"3\u00a0Minuten"},"schema":{"@context":"https:\/\/schema.org","@graph":[{"@type":"WebPage","@id":"https:\/\/zlatniretriver.rs\/","url":"https:\/\/zlatniretriver.rs\/","name":"Golden Retriever zucht \u2013 BellaMax Golden Serbien","isPartOf":{"@id":"https:\/\/zlatniretriver.rs\/#website"},"primaryImageOfPage":{"@id":"https:\/\/zlatniretriver.rs\/#primaryimage"},"image":{"@id":"https:\/\/zlatniretriver.rs\/#primaryimage"},"thumbnailUrl":"http:\/\/zlatniretriver.rs\/wp-content\/uploads\/2021\/12\/slide-retver-1.jpg","datePublished":"2021-11-16T13:16:28+00:00","dateModified":"2025-08-08T11:20:03+00:00","description":"Willkommen bei BellaMax Golden \u2013 famili\u00e4re Golden Retriever Zucht aus Serbien. Gesunde, liebevolle Aufzucht mit Herz.","breadcrumb":{"@id":"https:\/\/zlatniretriver.rs\/#breadcrumb"},"inLanguage":"de","potentialAction":[{"@type":"ReadAction","target":["https:\/\/zlatniretriver.rs\/"]}]},{"@type":"ImageObject","inLanguage":"de","@id":"https:\/\/zlatniretriver.rs\/#primaryimage","url":"http:\/\/zlatniretriver.rs\/wp-content\/uploads\/2021\/12\/slide-retver-1.jpg","contentUrl":"http:\/\/zlatniretriver.rs\/wp-content\/uploads\/2021\/12\/slide-retver-1.jpg"},{"@type":"BreadcrumbList","@id":"https:\/\/zlatniretriver.rs\/#breadcrumb","itemListElement":[{"@type":"ListItem","position":1,"name":"Home","item":"https:\/\/zlatniretriver.rs\/"},{"@type":"ListItem","position":2,"name":"Home"}]},{"@type":"WebSite","@id":"https:\/\/zlatniretriver.rs\/#website","url":"https:\/\/zlatniretriver.rs\/","name":"Zlatni retriver","description":"Odgajiva\u010dnica zlatnih retrivera","potentialAction":[{"@type":"SearchAction","target":{"@type":"EntryPoint","urlTemplate":"https:\/\/zlatniretriver.rs\/?s={search_term_string}"},"query-input":{"@type":"PropertyValueSpecification","valueRequired":true,"valueName":"search_term_string"}}],"inLanguage":"de"}]}},"_links":{"self":[{"href":"https:\/\/zlatniretriver.rs\/de\/wp-json\/wp\/v2\/pages\/666","targetHints":{"allow":["GET"]}}],"collection":[{"href":"https:\/\/zlatniretriver.rs\/de\/wp-json\/wp\/v2\/pages"}],"about":[{"href":"https:\/\/zlatniretriver.rs\/de\/wp-json\/wp\/v2\/types\/page"}],"author":[{"embeddable":true,"href":"https:\/\/zlatniretriver.rs\/de\/wp-json\/wp\/v2\/users\/1"}],"replies":[{"embeddable":true,"href":"https:\/\/zlatniretriver.rs\/de\/wp-json\/wp\/v2\/comments?post=666"}],"version-history":[{"count":12,"href":"https:\/\/zlatniretriver.rs\/de\/wp-json\/wp\/v2\/pages\/666\/revisions"}],"predecessor-version":[{"id":896,"href":"https:\/\/zlatniretriver.rs\/de\/wp-json\/wp\/v2\/pages\/666\/revisions\/896"}],"wp:attachment":[{"href":"https:\/\/zlatniretriver.rs\/de\/wp-json\/wp\/v2\/media?parent=666"}],"curies":[{"name":"wp","href":"https:\/\/api.w.org\/{rel}","templated":true}]}}